{"id":5212,"date":"2025-01-21T07:26:28","date_gmt":"2025-01-21T05:26:28","guid":{"rendered":"http:\/\/dummy.xtemos.com\/woodmart2\/?page_id=5212"},"modified":"2025-03-02T18:02:16","modified_gmt":"2025-03-02T16:02:16","slug":"about-us","status":"publish","type":"page","link":"https:\/\/energyexpt.com\/et\/about-us\/","title":{"rendered":"Meist"},"content":{"rendered":"<div class=\"wpb-content-wrapper\"><p>[vc_row][vc_column][vc_column_text css=&#8221;&#8221; woodmart_inline=&#8221;no&#8221; text_larger=&#8221;no&#8221;]Energy Expert O\u00dc asutati aastal 2013.<br \/>\nEttev\u00f5tte esialgne eesm\u00e4rk oli pakkuda tehnoloogilisi lahendusi nii reoveepuhastuse kui ka tarbevee puhastuse valdkonnas. Toodame ja m\u00fc\u00fcme t\u00f6\u00f6kindlaid sadamatele m\u00f5eldud pilsi ja reovee pumplaid.<br \/>\nPakume insenertehnilisi lahendusi eriotstarbelistele reaktoritele (kaasaarvatud erinevatest materjalidest keemilistele ja bakteroloogilistele reaktoritele) nende v\u00e4ljat\u00f6\u00f6tamisele, projekteerimisele ja ehitusele.<br \/>\nKoos partneritega aitame leida koost\u00f6\u00f6v\u00f5imalusi maailmas, et edendada ja ellu viia Eesti tippteadlaste saavutusi ning projekte erinevates valdkondades. N\u00e4iteks elektroonikaromudest ja kaevandusj\u00e4\u00e4tmetest v\u00e4\u00e4rismetallide leostamine koos nanomtallide tootmise v\u00f5imalusega.<br \/>\nAastast 2025 pakume globaalseid kohandatud lahendusi energiasalvestusakudele ja p\u00e4ikeses\u00fcsteemidele. Oleme tootja GSL ENERGY volitatud edasim\u00fc\u00fcja Balti riikides, Soomes ja Portugalis.[\/vc_column_text][\/vc_column][\/vc_row]<\/p>\n<\/div>","protected":false},"excerpt":{"rendered":"<p>[vc_row][vc_column][vc_column_text css=&#8221;&#8221; woodmart_inline=&#8221;no&#8221; text_larger=&#8221;no&#8221;]Energy Expert O\u00dc asutati aastal 2013. Ettev\u00f5tte esialgne eesm\u00e4rk oli pakkuda tehnoloogilisi lahendusi nii reoveepuhastuse kui ka<\/p>\n","protected":false},"author":1,"featured_media":0,"parent":0,"menu_order":0,"comment_status":"closed","ping_status":"closed","template":"","meta":{"footnotes":""},"class_list":["post-5212","page","type-page","status-publish","hentry"],"_links":{"self":[{"href":"https:\/\/energyexpt.com\/et\/wp-json\/wp\/v2\/pages\/5212","targetHints":{"allow":["GET"]}}],"collection":[{"href":"https:\/\/energyexpt.com\/et\/wp-json\/wp\/v2\/pages"}],"about":[{"href":"https:\/\/energyexpt.com\/et\/wp-json\/wp\/v2\/types\/page"}],"author":[{"embeddable":true,"href":"https:\/\/energyexpt.com\/et\/wp-json\/wp\/v2\/users\/1"}],"replies":[{"embeddable":true,"href":"https:\/\/energyexpt.com\/et\/wp-json\/wp\/v2\/comments?post=5212"}],"version-history":[{"count":5,"href":"https:\/\/energyexpt.com\/et\/wp-json\/wp\/v2\/pages\/5212\/revisions"}],"predecessor-version":[{"id":9709,"href":"https:\/\/energyexpt.com\/et\/wp-json\/wp\/v2\/pages\/5212\/revisions\/9709"}],"wp:attachment":[{"href":"https:\/\/energyexpt.com\/et\/wp-json\/wp\/v2\/media?parent=5212"}],"curies":[{"name":"wp","href":"https:\/\/api.w.org\/{rel}","templated":true}]}}