{"id":9441,"date":"2025-01-22T20:11:20","date_gmt":"2025-01-22T18:11:20","guid":{"rendered":"https:\/\/energyexpt.com\/?page_id=9441"},"modified":"2025-02-14T09:30:12","modified_gmt":"2025-02-14T07:30:12","slug":"services","status":"publish","type":"page","link":"https:\/\/energyexpt.com\/fi\/services\/","title":{"rendered":"Palvelut"},"content":{"rendered":"<div class=\"wpb-content-wrapper\"><p>[vc_row][vc_column][vc_column_text css=&#8221;&#8221; woodmart_inline=&#8221;no&#8221; text_larger=&#8221;no&#8221;]Sivua p\u00e4ivitet\u00e4\u00e4n[\/vc_column_text][\/vc_column][\/vc_row]<\/p>\n<\/div>","protected":false},"excerpt":{"rendered":"<p>[vc_row][vc_column][vc_column_text css=&#8221;&#8221; woodmart_inline=&#8221;no&#8221; text_larger=&#8221;no&#8221;]Sivua p\u00e4ivitet\u00e4\u00e4n[\/vc_column_text][\/vc_column][\/vc_row]<\/p>\n","protected":false},"author":1,"featured_media":0,"parent":0,"menu_order":0,"comment_status":"closed","ping_status":"closed","template":"","meta":{"footnotes":""},"class_list":["post-9441","page","type-page","status-publish","hentry"],"_links":{"self":[{"href":"https:\/\/energyexpt.com\/fi\/wp-json\/wp\/v2\/pages\/9441","targetHints":{"allow":["GET"]}}],"collection":[{"href":"https:\/\/energyexpt.com\/fi\/wp-json\/wp\/v2\/pages"}],"about":[{"href":"https:\/\/energyexpt.com\/fi\/wp-json\/wp\/v2\/types\/page"}],"author":[{"embeddable":true,"href":"https:\/\/energyexpt.com\/fi\/wp-json\/wp\/v2\/users\/1"}],"replies":[{"embeddable":true,"href":"https:\/\/energyexpt.com\/fi\/wp-json\/wp\/v2\/comments?post=9441"}],"version-history":[{"count":4,"href":"https:\/\/energyexpt.com\/fi\/wp-json\/wp\/v2\/pages\/9441\/revisions"}],"predecessor-version":[{"id":9554,"href":"https:\/\/energyexpt.com\/fi\/wp-json\/wp\/v2\/pages\/9441\/revisions\/9554"}],"wp:attachment":[{"href":"https:\/\/energyexpt.com\/fi\/wp-json\/wp\/v2\/media?parent=9441"}],"curies":[{"name":"wp","href":"https:\/\/api.w.org\/{rel}","templated":true}]}}