{"id":9613,"date":"2025-03-02T15:24:14","date_gmt":"2025-03-02T13:24:14","guid":{"rendered":"https:\/\/energyexpt.com\/?post_type=product&#038;p=9613"},"modified":"2025-03-02T16:04:34","modified_gmt":"2025-03-02T14:04:34","slug":"5kwh-10kwh-14-34kwh-100ah-200ah-280ah-51-2v-cb-iec62619-ce-emc-power-storage-wall-mounted-solar-battery","status":"publish","type":"product","link":"https:\/\/energyexpt.com\/fi\/toode\/5kwh-10kwh-14-34kwh-100ah-200ah-280ah-51-2v-cb-iec62619-ce-emc-power-storage-wall-mounted-solar-battery\/","title":{"rendered":"(English) 5kWh\/10kWh\/14.34kWh 100Ah\/200Ah\/280Ah 51.2V CB IEC62619 CE-EMC Power Storage Wall Mounted Solar Battery"},"content":{"rendered":"<p class=\"qtranxs-available-languages-message qtranxs-available-languages-message-fi\">T\u00e4m\u00e4 teksti on valitettavasti saatavilla vain kielill\u00e4: <a href=\"https:\/\/energyexpt.com\/en\/wp-json\/wp\/v2\/product\/9613\" class=\"qtranxs-available-language-link qtranxs-available-language-link-en\" title=\"English\">English<\/a>.<\/p>","protected":false},"excerpt":{"rendered":"<p class=\"qtranxs-available-languages-message qtranxs-available-languages-message-fi\">T\u00e4m\u00e4 teksti on valitettavasti saatavilla vain kielill\u00e4: <a href=\"https:\/\/energyexpt.com\/en\/wp-json\/wp\/v2\/product\/9613\" class=\"qtranxs-available-language-link qtranxs-available-language-link-en\" title=\"English\">English<\/a>.<\/p>\n","protected":false},"featured_media":9638,"comment_status":"closed","ping_status":"closed","template":"","meta":[],"product_brand":[],"product_cat":[71,79],"product_tag":[],"class_list":{"0":"post-9613","1":"product","2":"type-product","3":"status-publish","4":"has-post-thumbnail","6":"product_cat-home-battery-storage","7":"product_cat-power-storage-wall","9":"first","10":"instock","11":"shipping-taxable","12":"product-type-simple"},"_links":{"self":[{"href":"https:\/\/energyexpt.com\/fi\/wp-json\/wp\/v2\/product\/9613","targetHints":{"allow":["GET"]}}],"collection":[{"href":"https:\/\/energyexpt.com\/fi\/wp-json\/wp\/v2\/product"}],"about":[{"href":"https:\/\/energyexpt.com\/fi\/wp-json\/wp\/v2\/types\/product"}],"replies":[{"embeddable":true,"href":"https:\/\/energyexpt.com\/fi\/wp-json\/wp\/v2\/comments?post=9613"}],"wp:featuredmedia":[{"embeddable":true,"href":"https:\/\/energyexpt.com\/fi\/wp-json\/wp\/v2\/media\/9638"}],"wp:attachment":[{"href":"https:\/\/energyexpt.com\/fi\/wp-json\/wp\/v2\/media?parent=9613"}],"wp:term":[{"taxonomy":"product_brand","embeddable":true,"href":"https:\/\/energyexpt.com\/fi\/wp-json\/wp\/v2\/product_brand?post=9613"},{"taxonomy":"product_cat","embeddable":true,"href":"https:\/\/energyexpt.com\/fi\/wp-json\/wp\/v2\/product_cat?post=9613"},{"taxonomy":"product_tag","embeddable":true,"href":"https:\/\/energyexpt.com\/fi\/wp-json\/wp\/v2\/product_tag?post=9613"}],"curies":[{"name":"wp","href":"https:\/\/api.w.org\/{rel}","templated":true}]}}