{"id":9675,"date":"2025-03-02T16:58:39","date_gmt":"2025-03-02T14:58:39","guid":{"rendered":"https:\/\/energyexpt.com\/?post_type=product&#038;p=9675"},"modified":"2025-03-02T16:58:39","modified_gmt":"2025-03-02T14:58:39","slug":"5-12kwh-10-24kwh-15-36kwh-20-48kwh-100ah-200ah-300ah-400ah-51-2v-cb-iec62619-power-brick-battery-with-wifi-and-bluetooth","status":"publish","type":"product","link":"https:\/\/energyexpt.com\/fi\/toode\/5-12kwh-10-24kwh-15-36kwh-20-48kwh-100ah-200ah-300ah-400ah-51-2v-cb-iec62619-power-brick-battery-with-wifi-and-bluetooth\/","title":{"rendered":"(English) 5.12kWh\/10.24kWh\/15.36kWh\/20.48kWh 100Ah\/200Ah\/300Ah\/400Ah 51.2V CB IEC62619 Power Brick Battery with WiFi and Bluetooth"},"content":{"rendered":"<p class=\"qtranxs-available-languages-message qtranxs-available-languages-message-fi\">T\u00e4m\u00e4 teksti on valitettavasti saatavilla vain kielill\u00e4: <a href=\"https:\/\/energyexpt.com\/en\/wp-json\/wp\/v2\/product\/9675\" class=\"qtranxs-available-language-link qtranxs-available-language-link-en\" title=\"English\">English<\/a>.<\/p>","protected":false},"excerpt":{"rendered":"<p class=\"qtranxs-available-languages-message qtranxs-available-languages-message-fi\">T\u00e4m\u00e4 teksti on valitettavasti saatavilla vain kielill\u00e4: <a href=\"https:\/\/energyexpt.com\/en\/wp-json\/wp\/v2\/product\/9675\" class=\"qtranxs-available-language-link qtranxs-available-language-link-en\" title=\"English\">English<\/a>.<\/p>\n","protected":false},"featured_media":9676,"comment_status":"closed","ping_status":"closed","template":"","meta":[],"product_brand":[],"product_cat":[71,81],"product_tag":[],"class_list":{"0":"post-9675","1":"product","2":"type-product","3":"status-publish","4":"has-post-thumbnail","6":"product_cat-home-battery-storage","7":"product_cat-stackable-battery","9":"first","10":"instock","11":"shipping-taxable","12":"product-type-simple"},"_links":{"self":[{"href":"https:\/\/energyexpt.com\/fi\/wp-json\/wp\/v2\/product\/9675","targetHints":{"allow":["GET"]}}],"collection":[{"href":"https:\/\/energyexpt.com\/fi\/wp-json\/wp\/v2\/product"}],"about":[{"href":"https:\/\/energyexpt.com\/fi\/wp-json\/wp\/v2\/types\/product"}],"replies":[{"embeddable":true,"href":"https:\/\/energyexpt.com\/fi\/wp-json\/wp\/v2\/comments?post=9675"}],"wp:featuredmedia":[{"embeddable":true,"href":"https:\/\/energyexpt.com\/fi\/wp-json\/wp\/v2\/media\/9676"}],"wp:attachment":[{"href":"https:\/\/energyexpt.com\/fi\/wp-json\/wp\/v2\/media?parent=9675"}],"wp:term":[{"taxonomy":"product_brand","embeddable":true,"href":"https:\/\/energyexpt.com\/fi\/wp-json\/wp\/v2\/product_brand?post=9675"},{"taxonomy":"product_cat","embeddable":true,"href":"https:\/\/energyexpt.com\/fi\/wp-json\/wp\/v2\/product_cat?post=9675"},{"taxonomy":"product_tag","embeddable":true,"href":"https:\/\/energyexpt.com\/fi\/wp-json\/wp\/v2\/product_tag?post=9675"}],"curies":[{"name":"wp","href":"https:\/\/api.w.org\/{rel}","templated":true}]}}