{"id":9678,"date":"2025-03-02T17:01:56","date_gmt":"2025-03-02T15:01:56","guid":{"rendered":"https:\/\/energyexpt.com\/?post_type=product&#038;p=9678"},"modified":"2025-03-02T17:01:56","modified_gmt":"2025-03-02T15:01:56","slug":"48v51-2v-100ah-5kwh-lifepo4-lithium-battery-pack-deep-cycle-6500-home-storage-battery-systems","status":"publish","type":"product","link":"https:\/\/energyexpt.com\/fi\/toode\/48v51-2v-100ah-5kwh-lifepo4-lithium-battery-pack-deep-cycle-6500-home-storage-battery-systems\/","title":{"rendered":"(English) 48V(51.2V) 100AH 5kWh LiFePO4 Lithium Battery Pack Deep cycle 6500+ home storage battery systems"},"content":{"rendered":"<p class=\"qtranxs-available-languages-message qtranxs-available-languages-message-fi\">T\u00e4m\u00e4 teksti on valitettavasti saatavilla vain kielill\u00e4: <a href=\"https:\/\/energyexpt.com\/en\/wp-json\/wp\/v2\/product\/9678\" class=\"qtranxs-available-language-link qtranxs-available-language-link-en\" title=\"English\">English<\/a>.<\/p>","protected":false},"excerpt":{"rendered":"<p class=\"qtranxs-available-languages-message qtranxs-available-languages-message-fi\">T\u00e4m\u00e4 teksti on valitettavasti saatavilla vain kielill\u00e4: <a href=\"https:\/\/energyexpt.com\/en\/wp-json\/wp\/v2\/product\/9678\" class=\"qtranxs-available-language-link qtranxs-available-language-link-en\" title=\"English\">English<\/a>.<\/p>\n","protected":false},"featured_media":9679,"comment_status":"closed","ping_status":"closed","template":"","meta":[],"product_brand":[],"product_cat":[71,81],"product_tag":[],"class_list":{"0":"post-9678","1":"product","2":"type-product","3":"status-publish","4":"has-post-thumbnail","6":"product_cat-home-battery-storage","7":"product_cat-stackable-battery","9":"first","10":"instock","11":"shipping-taxable","12":"product-type-simple"},"_links":{"self":[{"href":"https:\/\/energyexpt.com\/fi\/wp-json\/wp\/v2\/product\/9678","targetHints":{"allow":["GET"]}}],"collection":[{"href":"https:\/\/energyexpt.com\/fi\/wp-json\/wp\/v2\/product"}],"about":[{"href":"https:\/\/energyexpt.com\/fi\/wp-json\/wp\/v2\/types\/product"}],"replies":[{"embeddable":true,"href":"https:\/\/energyexpt.com\/fi\/wp-json\/wp\/v2\/comments?post=9678"}],"wp:featuredmedia":[{"embeddable":true,"href":"https:\/\/energyexpt.com\/fi\/wp-json\/wp\/v2\/media\/9679"}],"wp:attachment":[{"href":"https:\/\/energyexpt.com\/fi\/wp-json\/wp\/v2\/media?parent=9678"}],"wp:term":[{"taxonomy":"product_brand","embeddable":true,"href":"https:\/\/energyexpt.com\/fi\/wp-json\/wp\/v2\/product_brand?post=9678"},{"taxonomy":"product_cat","embeddable":true,"href":"https:\/\/energyexpt.com\/fi\/wp-json\/wp\/v2\/product_cat?post=9678"},{"taxonomy":"product_tag","embeddable":true,"href":"https:\/\/energyexpt.com\/fi\/wp-json\/wp\/v2\/product_tag?post=9678"}],"curies":[{"name":"wp","href":"https:\/\/api.w.org\/{rel}","templated":true}]}}