{"id":9664,"date":"2025-03-02T16:48:34","date_gmt":"2025-03-02T14:48:34","guid":{"rendered":"https:\/\/energyexpt.com\/?post_type=product&#038;p=9664"},"modified":"2025-03-02T16:48:34","modified_gmt":"2025-03-02T14:48:34","slug":"5kwh-100ah-51-2v-ul1973-stack-server-rack-battery","status":"publish","type":"product","link":"https:\/\/energyexpt.com\/pt\/toode\/5kwh-100ah-51-2v-ul1973-stack-server-rack-battery\/","title":{"rendered":"(English) 5kWh 100Ah 51.2V UL1973 Stack Server Rack Battery"},"content":{"rendered":"<p class=\"qtranxs-available-languages-message qtranxs-available-languages-message-pt\">Desculpe, este conte\u00fado s\u00f3 est\u00e1 dispon\u00edvel em <a href=\"https:\/\/energyexpt.com\/en\/wp-json\/wp\/v2\/product\/9664\" class=\"qtranxs-available-language-link qtranxs-available-language-link-en\" title=\"English\">English<\/a>.<\/p>","protected":false},"excerpt":{"rendered":"<p class=\"qtranxs-available-languages-message qtranxs-available-languages-message-pt\">Desculpe, este conte\u00fado s\u00f3 est\u00e1 dispon\u00edvel em <a href=\"https:\/\/energyexpt.com\/en\/wp-json\/wp\/v2\/product\/9664\" class=\"qtranxs-available-language-link qtranxs-available-language-link-en\" title=\"English\">English<\/a>.<\/p>\n","protected":false},"featured_media":9665,"comment_status":"closed","ping_status":"closed","template":"","meta":[],"product_brand":[],"product_cat":[71,80],"product_tag":[],"class_list":{"0":"post-9664","1":"product","2":"type-product","3":"status-publish","4":"has-post-thumbnail","6":"product_cat-home-battery-storage","7":"product_cat-telecom-batteries","9":"first","10":"instock","11":"shipping-taxable","12":"product-type-simple"},"_links":{"self":[{"href":"https:\/\/energyexpt.com\/pt\/wp-json\/wp\/v2\/product\/9664","targetHints":{"allow":["GET"]}}],"collection":[{"href":"https:\/\/energyexpt.com\/pt\/wp-json\/wp\/v2\/product"}],"about":[{"href":"https:\/\/energyexpt.com\/pt\/wp-json\/wp\/v2\/types\/product"}],"replies":[{"embeddable":true,"href":"https:\/\/energyexpt.com\/pt\/wp-json\/wp\/v2\/comments?post=9664"}],"wp:featuredmedia":[{"embeddable":true,"href":"https:\/\/energyexpt.com\/pt\/wp-json\/wp\/v2\/media\/9665"}],"wp:attachment":[{"href":"https:\/\/energyexpt.com\/pt\/wp-json\/wp\/v2\/media?parent=9664"}],"wp:term":[{"taxonomy":"product_brand","embeddable":true,"href":"https:\/\/energyexpt.com\/pt\/wp-json\/wp\/v2\/product_brand?post=9664"},{"taxonomy":"product_cat","embeddable":true,"href":"https:\/\/energyexpt.com\/pt\/wp-json\/wp\/v2\/product_cat?post=9664"},{"taxonomy":"product_tag","embeddable":true,"href":"https:\/\/energyexpt.com\/pt\/wp-json\/wp\/v2\/product_tag?post=9664"}],"curies":[{"name":"wp","href":"https:\/\/api.w.org\/{rel}","templated":true}]}}