{"id":9800,"date":"2025-03-02T19:55:10","date_gmt":"2025-03-02T17:55:10","guid":{"rendered":"https:\/\/energyexpt.com\/?post_type=product&#038;p=9800"},"modified":"2025-03-02T19:55:10","modified_gmt":"2025-03-02T17:55:10","slug":"american-split-phase-solar-inverter-8klv","status":"publish","type":"product","link":"https:\/\/energyexpt.com\/pt\/toode\/american-split-phase-solar-inverter-8klv\/","title":{"rendered":"(English) American Split Phase Solar Inverter 8KLV"},"content":{"rendered":"<p class=\"qtranxs-available-languages-message qtranxs-available-languages-message-pt\">Desculpe, este conte\u00fado s\u00f3 est\u00e1 dispon\u00edvel em <a href=\"https:\/\/energyexpt.com\/en\/wp-json\/wp\/v2\/product\/9800\" class=\"qtranxs-available-language-link qtranxs-available-language-link-en\" title=\"English\">English<\/a>.<\/p>","protected":false},"excerpt":{"rendered":"<p class=\"qtranxs-available-languages-message qtranxs-available-languages-message-pt\">Desculpe, este conte\u00fado s\u00f3 est\u00e1 dispon\u00edvel em <a href=\"https:\/\/energyexpt.com\/en\/wp-json\/wp\/v2\/product\/9800\" class=\"qtranxs-available-language-link qtranxs-available-language-link-en\" title=\"English\">English<\/a>.<\/p>\n","protected":false},"featured_media":9801,"comment_status":"closed","ping_status":"closed","template":"","meta":[],"product_brand":[],"product_cat":[74],"product_tag":[],"class_list":{"0":"post-9800","1":"product","2":"type-product","3":"status-publish","4":"has-post-thumbnail","6":"product_cat-hybrid-inverter","8":"first","9":"instock","10":"shipping-taxable","11":"product-type-simple"},"_links":{"self":[{"href":"https:\/\/energyexpt.com\/pt\/wp-json\/wp\/v2\/product\/9800","targetHints":{"allow":["GET"]}}],"collection":[{"href":"https:\/\/energyexpt.com\/pt\/wp-json\/wp\/v2\/product"}],"about":[{"href":"https:\/\/energyexpt.com\/pt\/wp-json\/wp\/v2\/types\/product"}],"replies":[{"embeddable":true,"href":"https:\/\/energyexpt.com\/pt\/wp-json\/wp\/v2\/comments?post=9800"}],"wp:featuredmedia":[{"embeddable":true,"href":"https:\/\/energyexpt.com\/pt\/wp-json\/wp\/v2\/media\/9801"}],"wp:attachment":[{"href":"https:\/\/energyexpt.com\/pt\/wp-json\/wp\/v2\/media?parent=9800"}],"wp:term":[{"taxonomy":"product_brand","embeddable":true,"href":"https:\/\/energyexpt.com\/pt\/wp-json\/wp\/v2\/product_brand?post=9800"},{"taxonomy":"product_cat","embeddable":true,"href":"https:\/\/energyexpt.com\/pt\/wp-json\/wp\/v2\/product_cat?post=9800"},{"taxonomy":"product_tag","embeddable":true,"href":"https:\/\/energyexpt.com\/pt\/wp-json\/wp\/v2\/product_tag?post=9800"}],"curies":[{"name":"wp","href":"https:\/\/api.w.org\/{rel}","templated":true}]}}