{"id":9833,"date":"2025-03-02T20:32:31","date_gmt":"2025-03-02T18:32:31","guid":{"rendered":"https:\/\/energyexpt.com\/?post_type=product&#038;p=9833"},"modified":"2025-03-02T20:32:31","modified_gmt":"2025-03-02T18:32:31","slug":"12v-150ah-200ah-300ah-lifepo4-battery","status":"publish","type":"product","link":"https:\/\/energyexpt.com\/pt\/toode\/12v-150ah-200ah-300ah-lifepo4-battery\/","title":{"rendered":"(English) 12V 150AH\/200AH\/300AH LiFePO4 Battery"},"content":{"rendered":"<p class=\"qtranxs-available-languages-message qtranxs-available-languages-message-pt\">Desculpe, este conte\u00fado s\u00f3 est\u00e1 dispon\u00edvel em <a href=\"https:\/\/energyexpt.com\/en\/wp-json\/wp\/v2\/product\/9833\" class=\"qtranxs-available-language-link qtranxs-available-language-link-en\" title=\"English\">English<\/a>.<\/p>","protected":false},"excerpt":{"rendered":"<p class=\"qtranxs-available-languages-message qtranxs-available-languages-message-pt\">Desculpe, este conte\u00fado s\u00f3 est\u00e1 dispon\u00edvel em <a href=\"https:\/\/energyexpt.com\/en\/wp-json\/wp\/v2\/product\/9833\" class=\"qtranxs-available-language-link qtranxs-available-language-link-en\" title=\"English\">English<\/a>.<\/p>\n","protected":false},"featured_media":9834,"comment_status":"closed","ping_status":"closed","template":"","meta":[],"product_brand":[],"product_cat":[75,86],"product_tag":[],"class_list":{"0":"post-9833","1":"product","2":"type-product","3":"status-publish","4":"has-post-thumbnail","6":"product_cat-other-lifepo4-battery-series","7":"product_cat-lifepo4-battery-12v-24v","9":"first","10":"instock","11":"shipping-taxable","12":"product-type-simple"},"_links":{"self":[{"href":"https:\/\/energyexpt.com\/pt\/wp-json\/wp\/v2\/product\/9833","targetHints":{"allow":["GET"]}}],"collection":[{"href":"https:\/\/energyexpt.com\/pt\/wp-json\/wp\/v2\/product"}],"about":[{"href":"https:\/\/energyexpt.com\/pt\/wp-json\/wp\/v2\/types\/product"}],"replies":[{"embeddable":true,"href":"https:\/\/energyexpt.com\/pt\/wp-json\/wp\/v2\/comments?post=9833"}],"wp:featuredmedia":[{"embeddable":true,"href":"https:\/\/energyexpt.com\/pt\/wp-json\/wp\/v2\/media\/9834"}],"wp:attachment":[{"href":"https:\/\/energyexpt.com\/pt\/wp-json\/wp\/v2\/media?parent=9833"}],"wp:term":[{"taxonomy":"product_brand","embeddable":true,"href":"https:\/\/energyexpt.com\/pt\/wp-json\/wp\/v2\/product_brand?post=9833"},{"taxonomy":"product_cat","embeddable":true,"href":"https:\/\/energyexpt.com\/pt\/wp-json\/wp\/v2\/product_cat?post=9833"},{"taxonomy":"product_tag","embeddable":true,"href":"https:\/\/energyexpt.com\/pt\/wp-json\/wp\/v2\/product_tag?post=9833"}],"curies":[{"name":"wp","href":"https:\/\/api.w.org\/{rel}","templated":true}]}}