{"id":9861,"date":"2025-03-02T21:14:32","date_gmt":"2025-03-02T19:14:32","guid":{"rendered":"https:\/\/energyexpt.com\/?post_type=product&#038;p=9861"},"modified":"2025-03-02T21:14:32","modified_gmt":"2025-03-02T19:14:32","slug":"grid-scale-ess-energy-storage-system-for-commercial-industrial-all-in-one-power-station-bess-energy-storage-company","status":"publish","type":"product","link":"https:\/\/energyexpt.com\/pt\/toode\/grid-scale-ess-energy-storage-system-for-commercial-industrial-all-in-one-power-station-bess-energy-storage-company\/","title":{"rendered":"(English) Grid Scale ESS Energy Storage System for Commercial &#038; Industrial | All in One Power Station | BESS energy storage company"},"content":{"rendered":"<p class=\"qtranxs-available-languages-message qtranxs-available-languages-message-pt\">Desculpe, este conte\u00fado s\u00f3 est\u00e1 dispon\u00edvel em <a href=\"https:\/\/energyexpt.com\/en\/wp-json\/wp\/v2\/product\/9861\" class=\"qtranxs-available-language-link qtranxs-available-language-link-en\" title=\"English\">English<\/a>.<\/p>","protected":false},"excerpt":{"rendered":"<p class=\"qtranxs-available-languages-message qtranxs-available-languages-message-pt\">Desculpe, este conte\u00fado s\u00f3 est\u00e1 dispon\u00edvel em <a href=\"https:\/\/energyexpt.com\/en\/wp-json\/wp\/v2\/product\/9861\" class=\"qtranxs-available-language-link qtranxs-available-language-link-en\" title=\"English\">English<\/a>.<\/p>\n","protected":false},"featured_media":9862,"comment_status":"closed","ping_status":"closed","template":"","meta":[],"product_brand":[],"product_cat":[72],"product_tag":[],"class_list":{"0":"post-9861","1":"product","2":"type-product","3":"status-publish","4":"has-post-thumbnail","6":"product_cat-commercial-and-industrial-energy-storage","8":"first","9":"instock","10":"shipping-taxable","11":"product-type-simple"},"_links":{"self":[{"href":"https:\/\/energyexpt.com\/pt\/wp-json\/wp\/v2\/product\/9861","targetHints":{"allow":["GET"]}}],"collection":[{"href":"https:\/\/energyexpt.com\/pt\/wp-json\/wp\/v2\/product"}],"about":[{"href":"https:\/\/energyexpt.com\/pt\/wp-json\/wp\/v2\/types\/product"}],"replies":[{"embeddable":true,"href":"https:\/\/energyexpt.com\/pt\/wp-json\/wp\/v2\/comments?post=9861"}],"wp:featuredmedia":[{"embeddable":true,"href":"https:\/\/energyexpt.com\/pt\/wp-json\/wp\/v2\/media\/9862"}],"wp:attachment":[{"href":"https:\/\/energyexpt.com\/pt\/wp-json\/wp\/v2\/media?parent=9861"}],"wp:term":[{"taxonomy":"product_brand","embeddable":true,"href":"https:\/\/energyexpt.com\/pt\/wp-json\/wp\/v2\/product_brand?post=9861"},{"taxonomy":"product_cat","embeddable":true,"href":"https:\/\/energyexpt.com\/pt\/wp-json\/wp\/v2\/product_cat?post=9861"},{"taxonomy":"product_tag","embeddable":true,"href":"https:\/\/energyexpt.com\/pt\/wp-json\/wp\/v2\/product_tag?post=9861"}],"curies":[{"name":"wp","href":"https:\/\/api.w.org\/{rel}","templated":true}]}}