{"id":9866,"date":"2025-03-02T21:17:28","date_gmt":"2025-03-02T19:17:28","guid":{"rendered":"https:\/\/energyexpt.com\/?post_type=product&#038;p=9866"},"modified":"2025-03-02T21:17:28","modified_gmt":"2025-03-02T19:17:28","slug":"80kwh-100kwh-120kwh-130kwh-409v-512v-614v-665v-commercial-and-industrial","status":"publish","type":"product","link":"https:\/\/energyexpt.com\/pt\/toode\/80kwh-100kwh-120kwh-130kwh-409v-512v-614v-665v-commercial-and-industrial\/","title":{"rendered":"(English) 80kWh\/100kWh\/120kWh\/130kWh 409V\/512V\/614V\/665V Commercial and Industrial"},"content":{"rendered":"<p class=\"qtranxs-available-languages-message qtranxs-available-languages-message-pt\">Desculpe, este conte\u00fado s\u00f3 est\u00e1 dispon\u00edvel em <a href=\"https:\/\/energyexpt.com\/en\/wp-json\/wp\/v2\/product\/9866\" class=\"qtranxs-available-language-link qtranxs-available-language-link-en\" title=\"English\">English<\/a>.<\/p>","protected":false},"excerpt":{"rendered":"<p class=\"qtranxs-available-languages-message qtranxs-available-languages-message-pt\">Desculpe, este conte\u00fado s\u00f3 est\u00e1 dispon\u00edvel em <a href=\"https:\/\/energyexpt.com\/en\/wp-json\/wp\/v2\/product\/9866\" class=\"qtranxs-available-language-link qtranxs-available-language-link-en\" title=\"English\">English<\/a>.<\/p>\n","protected":false},"featured_media":9867,"comment_status":"closed","ping_status":"closed","template":"","meta":[],"product_brand":[],"product_cat":[72],"product_tag":[],"class_list":{"0":"post-9866","1":"product","2":"type-product","3":"status-publish","4":"has-post-thumbnail","6":"product_cat-commercial-and-industrial-energy-storage","8":"first","9":"instock","10":"shipping-taxable","11":"product-type-simple"},"_links":{"self":[{"href":"https:\/\/energyexpt.com\/pt\/wp-json\/wp\/v2\/product\/9866","targetHints":{"allow":["GET"]}}],"collection":[{"href":"https:\/\/energyexpt.com\/pt\/wp-json\/wp\/v2\/product"}],"about":[{"href":"https:\/\/energyexpt.com\/pt\/wp-json\/wp\/v2\/types\/product"}],"replies":[{"embeddable":true,"href":"https:\/\/energyexpt.com\/pt\/wp-json\/wp\/v2\/comments?post=9866"}],"wp:featuredmedia":[{"embeddable":true,"href":"https:\/\/energyexpt.com\/pt\/wp-json\/wp\/v2\/media\/9867"}],"wp:attachment":[{"href":"https:\/\/energyexpt.com\/pt\/wp-json\/wp\/v2\/media?parent=9866"}],"wp:term":[{"taxonomy":"product_brand","embeddable":true,"href":"https:\/\/energyexpt.com\/pt\/wp-json\/wp\/v2\/product_brand?post=9866"},{"taxonomy":"product_cat","embeddable":true,"href":"https:\/\/energyexpt.com\/pt\/wp-json\/wp\/v2\/product_cat?post=9866"},{"taxonomy":"product_tag","embeddable":true,"href":"https:\/\/energyexpt.com\/pt\/wp-json\/wp\/v2\/product_tag?post=9866"}],"curies":[{"name":"wp","href":"https:\/\/api.w.org\/{rel}","templated":true}]}}